{"id":294,"date":"2020-05-19T15:10:11","date_gmt":"2020-05-19T15:10:11","guid":{"rendered":"https:\/\/jg-michelsberg.com\/?page_id=294"},"modified":"2020-09-03T20:49:12","modified_gmt":"2020-09-03T18:49:12","slug":"unsere-werte","status":"publish","type":"page","link":"https:\/\/jg-michelsberg.com\/index.php\/unsere-werte\/","title":{"rendered":"Unsere Werte"},"content":{"rendered":"\n<p><strong>Kehillah<\/strong>: eine vielf\u00e4ltige und einschlie\u00dfende Gemeinschaft<\/p>\n\n\n\n<p>Wir bauen vielf\u00e4ltige, partizipative, freudige Gemeinschaften auf, die Juden, Suchende und unsere Lieben umfassen.<\/p>\n\n\n\n<p><strong>Tzedek<\/strong>: Gerechtigkeit und Nachhaltigkeit<\/p>\n\n\n\n<p>Wir k\u00e4mpfen f\u00fcr Gerechtigkeit, Versorgung und W\u00fcrde f\u00fcr alle V\u00f6lker. Wir arbeiten auf Nachhaltigkeit f\u00fcr unsere Welt hin.<\/p>\n\n\n\n<p><strong>Hiddush<\/strong>: das Judentum entwickeln<\/p>\n\n\n\n<p>Inspiriert von der Thora, der Welt und dem j\u00fcdischen Volk in all unserer Vielfalt schaffen wir gemeinsam neue Wege, um das J\u00fcdische auszudr\u00fccken.<\/p>\n\n\n\n<p><strong>Ahavat Yisrael<\/strong>: Hoffnung und Heilung<\/p>\n\n\n\n<p>Wir handeln, um die Vision zu verwirklichen, dass das j\u00fcdische Volk zusammen mit unseren Nachbarn in Frieden und Sicherheit gedeihen wird.<\/p>\n\n\n\n<p><strong>Talmud-Tora<\/strong>: Heiliges Studium<\/p>\n\n\n\n<p>Wir tauchen in die Quellen unserer Tradition ein, ergreifen die Tora und fordern sie heraus, mit unserem heutigen Leben zu sprechen.<\/p>\n\n\n\n<p><strong>Keduscha<\/strong>: Heiligkeit<\/p>\n\n\n\n<p>Wir \u00f6ffnen uns f\u00fcr Manifestationen des G\u00f6ttlichen, wie sie in unserer Tradition \u00fcbermittelt und in unserem Leben erfahren werden.<\/p>\n","protected":false},"excerpt":{"rendered":"<p>Kehillah: eine vielf\u00e4ltige und einschlie\u00dfende Gemeinschaft Wir bauen vielf\u00e4ltige, partizipative, freudige Gemeinschaften auf, die Juden, Suchende und unsere Lieben umfassen. Tzedek: Gerechtigkeit und Nachhaltigkeit Wir k\u00e4mpfen f\u00fcr Gerechtigkeit, Versorgung und W\u00fcrde f\u00fcr alle V\u00f6lker. Wir arbeiten auf Nachhaltigkeit f\u00fcr unsere Welt hin. Hiddush: das Judentum entwickeln Inspiriert von der Thora, der Welt und dem j\u00fcdischen [&hellip;]<\/p>\n","protected":false},"author":1,"featured_media":484,"parent":0,"menu_order":0,"comment_status":"closed","ping_status":"closed","template":"","meta":{"activitypub_content_warning":"","activitypub_content_visibility":"","activitypub_max_image_attachments":10,"activitypub_interaction_policy_quote":"anyone","activitypub_status":"","footnotes":""},"class_list":["post-294","page","type-page","status-publish","has-post-thumbnail","hentry"],"_links":{"self":[{"href":"https:\/\/jg-michelsberg.com\/index.php\/wp-json\/wp\/v2\/pages\/294","targetHints":{"allow":["GET"]}}],"collection":[{"href":"https:\/\/jg-michelsberg.com\/index.php\/wp-json\/wp\/v2\/pages"}],"about":[{"href":"https:\/\/jg-michelsberg.com\/index.php\/wp-json\/wp\/v2\/types\/page"}],"author":[{"embeddable":true,"href":"https:\/\/jg-michelsberg.com\/index.php\/wp-json\/wp\/v2\/users\/1"}],"replies":[{"embeddable":true,"href":"https:\/\/jg-michelsberg.com\/index.php\/wp-json\/wp\/v2\/comments?post=294"}],"version-history":[{"count":1,"href":"https:\/\/jg-michelsberg.com\/index.php\/wp-json\/wp\/v2\/pages\/294\/revisions"}],"predecessor-version":[{"id":295,"href":"https:\/\/jg-michelsberg.com\/index.php\/wp-json\/wp\/v2\/pages\/294\/revisions\/295"}],"wp:featuredmedia":[{"embeddable":true,"href":"https:\/\/jg-michelsberg.com\/index.php\/wp-json\/wp\/v2\/media\/484"}],"wp:attachment":[{"href":"https:\/\/jg-michelsberg.com\/index.php\/wp-json\/wp\/v2\/media?parent=294"}],"curies":[{"name":"wp","href":"https:\/\/api.w.org\/{rel}","templated":true}]}}