{"id":7,"date":"2020-02-11T14:32:58","date_gmt":"2020-02-11T14:32:58","guid":{"rendered":"http:\/\/10.97.1.9\/?page_id=7"},"modified":"2020-08-06T14:46:09","modified_gmt":"2020-08-06T12:46:09","slug":"about","status":"publish","type":"page","link":"https:\/\/jg-michelsberg.com\/index.php\/about\/","title":{"rendered":"\u00dcber uns"},"content":{"rendered":"\n<p>Die <strong>J\u00fcdische Gemeinde Michelsberg<\/strong> versteht sich als eine multigenerative und vielf\u00e4ltige &nbsp;J\u00fcdische&nbsp; <strong>Einheitsgemeinde<\/strong>,&nbsp; die&nbsp; <strong>ALLE<\/strong>&nbsp; <strong>Str\u00f6mungen&nbsp; des Judentums<\/strong> anerkennt und ein dauerhaftes Zuhause u.a. den Vatersjuden bietet, in dem die Prinzipien des progressiven Judentums umgesetzt werden.<\/p>\n\n\n\n<p><strong>Unsere grundlegenden Prinzipien:<\/strong><\/p>\n\n\n\n<p>Die J\u00fcdische Gemeinde Michelsberg versteht die Anerkennung der Vatersjuden als vollwertige und gleichberechtigte Juden, den demokratischen Prozess, den pluralistischen Ansatz sowie die Gleichberechtigung der Frauen und M\u00e4nner unabh\u00e4ngig davon, welche sexuelle Identit\u00e4t sie haben, als unverr\u00fcckbare Prinzipien der Gemeinde. Diese sind nicht verhandelbar.&nbsp;&nbsp;<br>Das gesamte Vorgehen des Vereins orientiert sich an diesen grundlegenden Prinzipien.<\/p>\n\n\n\n<ol class=\"wp-block-list\"><li>F\u00f6rderung des pluralistischen Ansatzes innerhalb des Judentums<\/li><li>Anerkennung der Vatersjuden als vollwertige und gleichberechtigte Juden<\/li><li>Gleichberechtigung von Frauen und M\u00e4nnern, unabh\u00e4ngig davon, welche sexuelle Identit\u00e4t sie&nbsp;haben (in allen Bereichen der Religion, Kultur und Bildung)<\/li><li>Integration der Juden in die Gesellschaft Wiesbadens und \u00fcber die Grenzen Wiesbadens hinaus<\/li><li>F\u00f6rderung des demokratischen Prozesses in allen Bereichen<\/li><li>Anpassung der Religion an die Herausforderungen der Gegenwart<\/li><\/ol>\n\n\n\n<p><strong>Unsere Ziele:&nbsp;<\/strong><\/p>\n\n\n\n<ol class=\"wp-block-list\"><li>Das &#8222;J\u00fcdisch sein&#8220; im Sinne des progressiven Judentums zu f\u00f6rdern.&nbsp;<\/li><\/ol>\n\n\n\n<ol class=\"wp-block-list\" start=\"2\"><li>Den jungen Menschen des j\u00fcdischen Glaubens zu helfen, ihr eigenes Konzept des Judentums durch die Handlungsorientierung entwickeln zu k\u00f6nnen.<\/li><\/ol>\n\n\n\n<ol class=\"wp-block-list\" start=\"3\"><li>Das progressive Judentum f\u00fcr die Bev\u00f6lkerung von Wiesbaden, Mainz und im Rhein-Main-Kreis zu repr\u00e4sentieren.<\/li><\/ol>\n\n\n\n<ol class=\"wp-block-list\" start=\"4\"><li>Durch die \u00d6ffentlichkeitsarbeit sowie durch die Zusammenarbeit mit den Schulen, den christlichen, muslimischen und weiteren religions- und Kulturgemeinschaften wechselseitiges Verst\u00e4ndnis und freundschaftliche Beziehungen zu f\u00f6rdern und gemeinsam gegen Antisemitismus vorzugehen.<\/li><\/ol>\n\n\n\n<p><strong>Unsere Pl\u00e4ne:&nbsp;<\/strong><\/p>\n\n\n\n<ol class=\"wp-block-list\"><li>Organisation der Angebote in den Bereichen der progressiven j\u00fcdischen Religion, Kultur, Bildung, Soziales und Sport, die f\u00fcr die Vertreter unterschiedlicher Religionen und Kulturen zur Verf\u00fcgung stehen, um im st\u00e4ndigen Austausch und offenen Dialog mit diesen zu sein und dadurch die interkulturelle Kompetenz der Gemeindemitglieder und der Vertreter der anderen Kulturen und Religionen zu f\u00f6rdern.<\/li><\/ol>\n\n\n\n<ol class=\"wp-block-list\" start=\"2\"><li>Organisation eines progressiven j\u00fcdischen Kindergartens und einer progressiven j\u00fcdischen Schule, in denen Vertreter aller Religionen und Kulturen aufgenommen werden.<\/li><\/ol>\n\n\n\n<p><strong>Wir freuen uns auf Sie und hoffen auf Ihre Unterst\u00fctzung!<\/strong><\/p>\n","protected":false},"excerpt":{"rendered":"<p>Die J\u00fcdische Gemeinde Michelsberg versteht sich als eine multigenerative und vielf\u00e4ltige &nbsp;J\u00fcdische&nbsp; Einheitsgemeinde,&nbsp; die&nbsp; ALLE&nbsp; Str\u00f6mungen&nbsp; des Judentums anerkennt und ein dauerhaftes Zuhause u.a. den Vatersjuden bietet, in dem die Prinzipien des progressiven Judentums umgesetzt werden. Unsere grundlegenden Prinzipien: Die J\u00fcdische Gemeinde Michelsberg versteht die Anerkennung der Vatersjuden als vollwertige und gleichberechtigte Juden, den demokratischen [&hellip;]<\/p>\n","protected":false},"author":1,"featured_media":471,"parent":0,"menu_order":0,"comment_status":"closed","ping_status":"closed","template":"","meta":{"activitypub_content_warning":"","activitypub_content_visibility":"","activitypub_max_image_attachments":10,"activitypub_interaction_policy_quote":"anyone","activitypub_status":"","footnotes":""},"class_list":["post-7","page","type-page","status-publish","has-post-thumbnail","hentry"],"_links":{"self":[{"href":"https:\/\/jg-michelsberg.com\/index.php\/wp-json\/wp\/v2\/pages\/7","targetHints":{"allow":["GET"]}}],"collection":[{"href":"https:\/\/jg-michelsberg.com\/index.php\/wp-json\/wp\/v2\/pages"}],"about":[{"href":"https:\/\/jg-michelsberg.com\/index.php\/wp-json\/wp\/v2\/types\/page"}],"author":[{"embeddable":true,"href":"https:\/\/jg-michelsberg.com\/index.php\/wp-json\/wp\/v2\/users\/1"}],"replies":[{"embeddable":true,"href":"https:\/\/jg-michelsberg.com\/index.php\/wp-json\/wp\/v2\/comments?post=7"}],"version-history":[{"count":9,"href":"https:\/\/jg-michelsberg.com\/index.php\/wp-json\/wp\/v2\/pages\/7\/revisions"}],"predecessor-version":[{"id":285,"href":"https:\/\/jg-michelsberg.com\/index.php\/wp-json\/wp\/v2\/pages\/7\/revisions\/285"}],"wp:featuredmedia":[{"embeddable":true,"href":"https:\/\/jg-michelsberg.com\/index.php\/wp-json\/wp\/v2\/media\/471"}],"wp:attachment":[{"href":"https:\/\/jg-michelsberg.com\/index.php\/wp-json\/wp\/v2\/media?parent=7"}],"curies":[{"name":"wp","href":"https:\/\/api.w.org\/{rel}","templated":true}]}}