{"id":742,"date":"2021-03-24T16:17:07","date_gmt":"2021-03-24T15:17:07","guid":{"rendered":"https:\/\/jg-michelsberg.com\/?page_id=742"},"modified":"2026-02-02T09:08:52","modified_gmt":"2026-02-02T08:08:52","slug":"impressum","status":"publish","type":"page","link":"https:\/\/jg-michelsberg.com\/index.php\/impressum\/","title":{"rendered":"Impressum"},"content":{"rendered":"\n<p>Angaben gem\u00e4\u00df \u00a7 5 TMG<\/p>\n\n\n\n<p>Progressive J\u00fcdische Gemeinde Michelsberg e.V.<br>Postfach 21 00 32<br>55126 Mainz<\/p>\n\n\n\n<p><strong>Kontakt:<\/strong>&nbsp;<br>E-Mail:&nbsp;<a href=\"mailto:JG.Michelsberg@AOL.com\"><\/a><a href=\"mailto:kontakt@jg-michelsberg.com\">kontakt@jg-michelsberg.com<\/a><\/p>\n\n\n\n<p><\/p>\n\n\n\n<p><\/p>\n\n\n\n<p><strong>Vorstand<\/strong>:<br>Larissa Friedmann<br>Alexander Broytman<br>Bronislawa Gelfond<br>Jelena Maksakowa<br>Ariadna Rubashevsky<br>Pavel Rubashevsky<br>Sergei Seregin<\/p>\n\n\n\n<p><strong>Online Streitbeilegung<\/strong>:<\/p>\n\n\n\n<p>Link auf die Plattform der EU-Kommission zur Online-Streitbeilegung:&nbsp;<a rel=\"noreferrer noopener\" href=\"https:\/\/ec.europa.eu\/consumers\/odr\" target=\"_blank\">https:\/\/ec.europa.eu\/consumers\/odr<\/a><\/p>\n\n\n\n<p>Zur Teilnahme an einem Streitbeilegungsverfahren vor einer Verbraucherschlichtungsstelle sind wir nicht verpflichtet und grunds\u00e4tzlich nicht bereit.<\/p>\n\n\n\n<p><strong>Haftungsausschluss:&nbsp;<\/strong><br><br><strong>Haftung f\u00fcr Inhalte<\/strong><br><br>Die Inhalte unserer Seiten wurden mit gr\u00f6\u00dfter Sorgfalt erstellt. F\u00fcr die Richtigkeit, Vollst\u00e4ndigkeit und Aktualit\u00e4t der Inhalte k\u00f6nnen wir jedoch keine Gew\u00e4hr \u00fcbernehmen. Als Diensteanbieter sind wir gem\u00e4\u00df \u00a7 7 Abs.1 TMG f\u00fcr eigene Inhalte auf diesen Seiten nach den allgemeinen Gesetzen verantwortlich. Nach \u00a7\u00a7 8 bis 10 TMG sind wir als Diensteanbieter jedoch nicht verpflichtet, \u00fcbermittelte oder gespeicherte fremde Informationen zu \u00fcberwachen oder nach Umst\u00e4nden zu forschen, die auf eine rechtswidrige T\u00e4tigkeit hinweisen. Verpflichtungen zur Entfernung oder Sperrung der Nutzung von Informationen nach den allgemeinen Gesetzen bleiben hiervon unber\u00fchrt. Eine diesbez\u00fcgliche Haftung ist jedoch erst ab dem Zeitpunkt der Kenntnis einer konkreten Rechtsverletzung m\u00f6glich. Bei Bekanntwerden von entsprechenden Rechtsverletzungen werden wir diese Inhalte umgehend entfernen.<br><br><strong>Haftung f\u00fcr Links<\/strong><br><br>Unser Angebot enth\u00e4lt Links zu externen Webseiten Dritter, auf deren Inhalte wir keinen Einfluss haben. Deshalb k\u00f6nnen wir f\u00fcr diese fremden Inhalte auch keine Gew\u00e4hr \u00fcbernehmen. F\u00fcr die Inhalte der verlinkten Seiten ist stets der jeweilige Anbieter oder Betreiber der Seiten verantwortlich. Die verlinkten Seiten wurden zum Zeitpunkt der Verlinkung auf m\u00f6gliche Rechtsverst\u00f6\u00dfe \u00fcberpr\u00fcft. Rechtswidrige Inhalte waren zum Zeitpunkt der Verlinkung nicht erkennbar. Eine permanente inhaltliche Kontrolle der verlinkten Seiten ist jedoch ohne konkrete Anhaltspunkte einer Rechtsverletzung nicht zumutbar. Bei Bekanntwerden von Rechtsverletzungen werden wir derartige Links umgehend entfernen.<\/p>\n","protected":false},"excerpt":{"rendered":"<p>Angaben gem\u00e4\u00df \u00a7 5 TMG Progressive J\u00fcdische Gemeinde Michelsberg e.V.Postfach 21 00 3255126 Mainz Kontakt:&nbsp;E-Mail:&nbsp;kontakt@jg-michelsberg.com Vorstand:Larissa FriedmannAlexander BroytmanBronislawa GelfondJelena MaksakowaAriadna RubashevskyPavel RubashevskySergei Seregin Online Streitbeilegung: Link auf die Plattform der EU-Kommission zur Online-Streitbeilegung:&nbsp;https:\/\/ec.europa.eu\/consumers\/odr Zur Teilnahme an einem Streitbeilegungsverfahren vor einer Verbraucherschlichtungsstelle sind wir nicht verpflichtet und grunds\u00e4tzlich nicht bereit. Haftungsausschluss:&nbsp; Haftung f\u00fcr Inhalte Die Inhalte [&hellip;]<\/p>\n","protected":false},"author":4,"featured_media":0,"parent":0,"menu_order":0,"comment_status":"closed","ping_status":"closed","template":"","meta":{"activitypub_content_warning":"","activitypub_content_visibility":"local","activitypub_max_image_attachments":10,"activitypub_interaction_policy_quote":"","activitypub_status":"pending","footnotes":""},"class_list":["post-742","page","type-page","status-publish","hentry"],"_links":{"self":[{"href":"https:\/\/jg-michelsberg.com\/index.php\/wp-json\/wp\/v2\/pages\/742","targetHints":{"allow":["GET"]}}],"collection":[{"href":"https:\/\/jg-michelsberg.com\/index.php\/wp-json\/wp\/v2\/pages"}],"about":[{"href":"https:\/\/jg-michelsberg.com\/index.php\/wp-json\/wp\/v2\/types\/page"}],"author":[{"embeddable":true,"href":"https:\/\/jg-michelsberg.com\/index.php\/wp-json\/wp\/v2\/users\/4"}],"replies":[{"embeddable":true,"href":"https:\/\/jg-michelsberg.com\/index.php\/wp-json\/wp\/v2\/comments?post=742"}],"version-history":[{"count":8,"href":"https:\/\/jg-michelsberg.com\/index.php\/wp-json\/wp\/v2\/pages\/742\/revisions"}],"predecessor-version":[{"id":1231,"href":"https:\/\/jg-michelsberg.com\/index.php\/wp-json\/wp\/v2\/pages\/742\/revisions\/1231"}],"wp:attachment":[{"href":"https:\/\/jg-michelsberg.com\/index.php\/wp-json\/wp\/v2\/media?parent=742"}],"curies":[{"name":"wp","href":"https:\/\/api.w.org\/{rel}","templated":true}]}}